{"id":1064,"date":"2025-03-28T20:49:02","date_gmt":"2025-03-28T19:49:02","guid":{"rendered":"https:\/\/palacorle.com\/kpo\/"},"modified":"2025-04-02T14:02:32","modified_gmt":"2025-04-02T12:02:32","slug":"kpo","status":"publish","type":"page","link":"https:\/\/palacorle.com\/de\/kpo\/","title":{"rendered":"KPO"},"content":{"rendered":"<section class=\"text-block\">\n  <div class=\"container\">\n        <h1 class=\"h3\"><i>&#8220;St\u00e4rkung der Widerstandsf\u00e4higkeit des Jagdpalastes Orle Solutions in der Woiwodschaft Westpommern durch Diversifizierung des Dienstleistungsangebots sowie gr\u00fcne und digitale Transformation&#8221;<\/i><\/h1>\n<h2 class=\"h3\">Unterst\u00fctzung<\/h2>\n<p>Das Hauptziel des Projekts ist die Erh\u00f6hung der Widerstandsf\u00e4higkeit des Unternehmens PA\u0141AC MY\u015aLIWSKI ORLE SOLUTIONS Jolanta Szulc (im Folgenden: Jagdpalast, Palast, Antragsteller) gegen\u00fcber potenziellen wirtschaftlichen Krisen und Marktschwankungen durch Diversifizierung der Gesch\u00e4ftst\u00e4tigkeit im Jagdpalast Orle.<\/p>\n<p>Der Projektumfang umfasst die Umsetzung umfassender Investitions-, Beratungs- und Schulungsma\u00dfnahmen zur Diversifizierung der T\u00e4tigkeit des Antragstellers durch Einf\u00fchrung einer neuen, bisher nicht angebotenen Hoteldienstleistung im Bereich der Vermietung des Objekts als Drehort f\u00fcr Filmproduktionen. Die diversifizierte T\u00e4tigkeit wird unter dem PKD-Code 55.10.Z durchgef\u00fchrt. Die Diversifizierung wird die Hauptachse aller im Projekt geplanten Ma\u00dfnahmen sein. Die neue Dienstleistung wird in einem historischen Palast erbracht, der entsprechend angepasst und vorbereitet werden muss. Zu diesem Zweck werden Anpassungsarbeiten durchgef\u00fchrt, notwendige Ausstattungen angeschafft und eine zus\u00e4tzliche Brandschutzanlage installiert, um die strengen Sicherheitsanforderungen f\u00fcr Objekte, die als Filmsets dienen, zu erf\u00fcllen.<\/p>\n<h2 class=\"h3\">Effekte<\/h2>\n<p>Die effektive Umsetzung und Erbringung der neuen Dienstleistung wird nur auf Grundlage einer geeigneten Marketingstrategie m\u00f6glich sein (eine Beratungsdienstleistung in diesem Bereich ist geplant) sowie durch das Kennenlernen der Besonderheiten der Filmbranche, um die Dienstleistung an deren Bed\u00fcrfnisse anzupassen und angemessen zu bepreisen (eine Schulungsdienstleistung in diesem Bereich ist geplant).<\/p>\n<p>Im Rahmen des Projekts sind zudem Ausgaben vorgesehen, die zur gr\u00fcnen Transformation (Bio-Komposter) sowie zur digitalen Transformation (Software zur Automatisierung der Reservierungs- und Zahlungsverwaltung) des Unternehmens beitragen. Die geplanten Aufgaben und Ma\u00dfnahmen sind miteinander verbunden und notwendig f\u00fcr die Diversifizierung der T\u00e4tigkeit des Jagdpalastes. Die Diversifizierung wird ein Anreiz f\u00fcr die Entwicklung sein und den Anreizeffekt erf\u00fcllen, da der Antragsteller ohne die Finanzierung aus dem Wiederaufbauplan (KPO) das im Antrag beschriebene Vorhaben nicht umgesetzt h\u00e4tte.<\/p>\n<p>Das Vorhaben wird zudem die Grundlage f\u00fcr den Wiederaufbau der Marktposition nach der durch die Pandemie verursachten Krise bilden und die Widerstandsf\u00e4higkeit des Palastes gegen\u00fcber potenziellen zuk\u00fcnftigen Krisen, wie z.B. sozialen, wirtschaftlichen oder pandemiebedingten, erh\u00f6hen. Es wird dem Palast erm\u00f6glichen, eine breitere Kundengruppe zu erreichen, neue T\u00e4tigkeitsbereiche zu erschlie\u00dfen und eine neue Einnahmequelle zu gewinnen. Die neue Dienstleistung der Vermietung als Filmset in einem historischen Palast kann den Zugang zur Filmbranche erheblich verbessern, indem sie T\u00fcren zu vielf\u00e4ltigen Drehorten und kulturellem Erbe \u00f6ffnet. Dies wird die soziale Inklusion erh\u00f6hen, indem die lokale Gemeinschaft in den Produktionsprozess einbezogen und die Geschichte und Kultur der Region in gr\u00f6\u00dferem Umfang gef\u00f6rdert wird. Die zus\u00e4tzliche Brandschutzinstallation, einschlie\u00dflich Notbeleuchtung, Brandschutzt\u00fcren, passiven Brandschutzma\u00dfnahmen, Brandmelde- und Entrauchungssystemen, wird die Zug\u00e4nglichkeit des Objekts f\u00fcr Filmteams verbessern, indem sie die Arbeitssicherheit und die Evakuierung im Bedarfsfall f\u00fcr Personen mit unterschiedlichen Bed\u00fcrfnissen gew\u00e4hrleistet, das Risiko der Brandausbreitung minimiert und mehr Zeit f\u00fcr die Evakuierung bietet. Die Brandschutzanlage wird allen Nutzern des Geb\u00e4udes einen gleichberechtigten Zugang zur Sicherheit gew\u00e4hrleisten.<\/p>\n<p>Der Kauf eines Laptops wird den schnellen Zugriff auf Daten von jedem Ort aus erm\u00f6glichen. Filmteams, die im Technikraum arbeiten, werden den Laptop auch im Au\u00dfeneinsatz problemlos nutzen k\u00f6nnen, was die Flexibilit\u00e4t und Effizienz der Arbeit erh\u00f6ht. Dar\u00fcber hinaus wird der Laptop f\u00fcr Personen mit unterschiedlichen Bed\u00fcrfnissen leichter zug\u00e4nglich sein, da er den Zugriff auf technische Daten erm\u00f6glicht (ohne sich in gro\u00dfen R\u00e4umen bewegen oder schwere Desktop-Computer nutzen zu m\u00fcssen) oder das Abh\u00f6ren von Inhalten erleichtert. Der feuerfeste Bodenbelag erh\u00f6ht die Sicherheit, minimiert das Brandrisiko und bietet zus\u00e4tzliche Zeit zur Evakuierung \u2013 was insbesondere in Technikr\u00e4umen wichtig ist, in denen brennbare Stoffe gelagert oder elektrische Ger\u00e4te betrieben werden. Die Anpassung wird den technischen Zustand des Raums verbessern, den Zugang erleichtern und bessere Arbeitsbedingungen f\u00fcr Mitarbeiter, einschlie\u00dflich Menschen mit Behinderungen, gew\u00e4hrleisten.<\/p>\n<p>Die Software wird den Zugang zu den Dienstleistungen durch eine schnelle und effektive Verwaltung der Reservierungen erleichtern. Personen mit unterschiedlichen Bed\u00fcrfnissen werden ihre Aktivit\u00e4ten leichter planen k\u00f6nnen, da sie sicher sein k\u00f6nnen, dass der Ort zum gew\u00fcnschten Zeitpunkt verf\u00fcgbar ist. Die Automatisierung des Reservierungsprozesses beseitigt die Notwendigkeit manueller Eingriffe eines Mitarbeiters und optimiert den gesamten Ablauf. F\u00fcr Personen mit zeitlichen Einschr\u00e4nkungen oder eingeschr\u00e4nkter Mobilit\u00e4t ist die Automatisierung der Zahlungen besonders vorteilhaft. Der geplante Bio-Komposter wird einfach und intuitiv zu bedienen sein, wodurch er allen Nutzern leicht zug\u00e4nglich ist. Ohne komplizierte Verfahren oder spezielles Wissen wird jeder ihn effektiv nutzen k\u00f6nnen. Zus\u00e4tzlich wird der Standort des Bio-Komposters so gew\u00e4hlt, dass er problemlos zug\u00e4nglich ist. Durch die Herstellung aus leichtem Material wird er beim Transport keine \u00fcberm\u00e4\u00dfigen Belastungen verursachen.<\/p>\n<h2 class=\"h3\">Zielgruppen und Ziele<\/h2>\n<p>Die neue Dienstleistung wird T\u00fcren zu einer neuen Zielgruppe aus der Medienbranche \u00f6ffnen und die Vermietung des Objekts f\u00fcr verschiedene Produktionen wie Filme, Werbespots oder Serien erm\u00f6glichen. Die Art und Weise, wie das Objekt als Drehort zur Verf\u00fcgung gestellt wird, wird jeweils an die Bed\u00fcrfnisse des Kunden angepasst, d.h. es wird m\u00f6glich sein, die gesamte Fl\u00e4che exklusiv oder nur einen Teil davon zu mieten (dann ohne Beeintr\u00e4chtigung des laufenden Hotelbetriebs wird ein separater Bereich f\u00fcr das Filmteam zur Verf\u00fcgung gestellt, u.a. dank drei separaten Eing\u00e4ngen zum Geb\u00e4ude und zwei vollwertigen, unabh\u00e4ngigen Treppenh\u00e4usern).<\/p>\n<p>Je nach den Bed\u00fcrfnissen des jeweiligen Filmteams kann die Dienstleistung den Abbau der aktuellen Einrichtung oder die Installation zus\u00e4tzlicher Dekorationen erfordern. Die Kosten daf\u00fcr sowie die Kosten f\u00fcr die Wiederherstellung des urspr\u00fcnglichen Zustands des Objekts werden vom Kunden getragen. Durch Gespr\u00e4che und Konsultationen mit Beratungsunternehmen, unter anderem den in der Rubrik \u201eT\u00e4tigkeitsbeschreibung\u201c genannten, hat der Antragsteller das notwendige Wissen \u00fcber die Anforderungen erworben, die das Objekt erf\u00fcllen muss, um als Drehort dienen und in die entsprechenden Datenbanken aufgenommen werden zu k\u00f6nnen. Es ist erw\u00e4hnenswert, dass es viele solcher Datenbanken gibt und keine Verpflichtung besteht, je nach Objekttyp oder Art der T\u00e4tigkeit eine bestimmte Datenbank auszuw\u00e4hlen (es liegt im Ermessen des Eigent\u00fcmers, welche(n) Datenbank(en) er ausw\u00e4hlt).<\/p>\n<p><strong>Gesamtwert des Projekts:<\/strong> 301.596,00 PLN<\/p>\n<p><strong>Wert des Beitrags der Europ\u00e4ischen Fonds:<\/strong> 207.194,00 PLN<\/p>\n<p><a href=\"https:\/\/palacorle.com\/app\/uploads\/2025\/03\/kpo.svg\"><img decoding=\"async\" class=\"aligncenter wp-image-1073 size-large\" role=\"img\" src=\"https:\/\/palacorle.com\/app\/uploads\/2025\/03\/kpo.svg\" alt=\"\" width=\"1024\" height=\"1024\" \/><\/a><\/p>\n  <\/div>\n<\/section>","protected":false},"excerpt":{"rendered":"","protected":false},"author":1,"featured_media":0,"parent":0,"menu_order":2,"comment_status":"closed","ping_status":"closed","template":"views\/page-informational.blade.php","meta":{"_acf_changed":false,"footnotes":""},"class_list":["post-1064","page","type-page","status-publish","hentry"],"acf":[],"yoast_head":"<!-- This site is optimized with the Yoast SEO plugin v24.7 - https:\/\/yoast.com\/wordpress\/plugins\/seo\/ -->\n<title>KPO - Pa\u0142ac Orle<\/title>\n<meta name=\"robots\" content=\"noindex, nofollow\" \/>\n<meta property=\"og:locale\" content=\"de_DE\" \/>\n<meta property=\"og:type\" content=\"article\" \/>\n<meta property=\"og:title\" content=\"KPO - Pa\u0142ac Orle\" \/>\n<meta property=\"og:url\" content=\"https:\/\/palacorle.com\/de\/kpo\/\" \/>\n<meta property=\"og:site_name\" content=\"Pa\u0142ac Orle\" \/>\n<meta property=\"article:publisher\" content=\"https:\/\/www.facebook.com\/HotelOrle\/\" \/>\n<meta property=\"article:modified_time\" content=\"2025-04-02T12:02:32+00:00\" \/>\n<meta name=\"twitter:card\" content=\"summary_large_image\" \/>\n<script type=\"application\/ld+json\" class=\"yoast-schema-graph\">{\"@context\":\"https:\/\/schema.org\",\"@graph\":[{\"@type\":\"WebPage\",\"@id\":\"https:\/\/palacorle.com\/de\/kpo\/\",\"url\":\"https:\/\/palacorle.com\/de\/kpo\/\",\"name\":\"KPO - Pa\u0142ac Orle\",\"isPartOf\":{\"@id\":\"https:\/\/palacorle.com\/de\/#website\"},\"datePublished\":\"2025-03-28T19:49:02+00:00\",\"dateModified\":\"2025-04-02T12:02:32+00:00\",\"breadcrumb\":{\"@id\":\"https:\/\/palacorle.com\/de\/kpo\/#breadcrumb\"},\"inLanguage\":\"de-DE\",\"potentialAction\":[{\"@type\":\"ReadAction\",\"target\":[\"https:\/\/palacorle.com\/de\/kpo\/\"]}]},{\"@type\":\"BreadcrumbList\",\"@id\":\"https:\/\/palacorle.com\/de\/kpo\/#breadcrumb\",\"itemListElement\":[{\"@type\":\"ListItem\",\"position\":1,\"name\":\"Strona g\u0142\u00f3wna\",\"item\":\"https:\/\/palacorle.com\/de\/\"},{\"@type\":\"ListItem\",\"position\":2,\"name\":\"KPO\"}]},{\"@type\":\"WebSite\",\"@id\":\"https:\/\/palacorle.com\/de\/#website\",\"url\":\"https:\/\/palacorle.com\/de\/\",\"name\":\"Pa\u0142ac Orle\",\"description\":\"Pa\u0142ac My\u015bliwski Orle - Wypoczynek Miros\u0142awiec Drawsko Orle\",\"publisher\":{\"@id\":\"https:\/\/palacorle.com\/de\/#organization\"},\"potentialAction\":[{\"@type\":\"SearchAction\",\"target\":{\"@type\":\"EntryPoint\",\"urlTemplate\":\"https:\/\/palacorle.com\/de\/?s={search_term_string}\"},\"query-input\":{\"@type\":\"PropertyValueSpecification\",\"valueRequired\":true,\"valueName\":\"search_term_string\"}}],\"inLanguage\":\"de-DE\"},{\"@type\":\"Organization\",\"@id\":\"https:\/\/palacorle.com\/de\/#organization\",\"name\":\"Pa\u0142ac Orle\",\"url\":\"https:\/\/palacorle.com\/de\/\",\"logo\":{\"@type\":\"ImageObject\",\"inLanguage\":\"de-DE\",\"@id\":\"https:\/\/palacorle.com\/de\/#\/schema\/logo\/image\/\",\"url\":\"https:\/\/palacorle.com\/app\/uploads\/2025\/03\/orle-logo.jpg\",\"contentUrl\":\"https:\/\/palacorle.com\/app\/uploads\/2025\/03\/orle-logo.jpg\",\"width\":600,\"height\":308,\"caption\":\"Pa\u0142ac Orle\"},\"image\":{\"@id\":\"https:\/\/palacorle.com\/de\/#\/schema\/logo\/image\/\"},\"sameAs\":[\"https:\/\/www.facebook.com\/HotelOrle\/\",\"https:\/\/www.instagram.com\/palacorle\/\"]}]}<\/script>\n<!-- \/ Yoast SEO plugin. -->","yoast_head_json":{"title":"KPO - Pa\u0142ac Orle","robots":{"index":"noindex","follow":"nofollow"},"og_locale":"de_DE","og_type":"article","og_title":"KPO - Pa\u0142ac Orle","og_url":"https:\/\/palacorle.com\/de\/kpo\/","og_site_name":"Pa\u0142ac Orle","article_publisher":"https:\/\/www.facebook.com\/HotelOrle\/","article_modified_time":"2025-04-02T12:02:32+00:00","twitter_card":"summary_large_image","schema":{"@context":"https:\/\/schema.org","@graph":[{"@type":"WebPage","@id":"https:\/\/palacorle.com\/de\/kpo\/","url":"https:\/\/palacorle.com\/de\/kpo\/","name":"KPO - Pa\u0142ac Orle","isPartOf":{"@id":"https:\/\/palacorle.com\/de\/#website"},"datePublished":"2025-03-28T19:49:02+00:00","dateModified":"2025-04-02T12:02:32+00:00","breadcrumb":{"@id":"https:\/\/palacorle.com\/de\/kpo\/#breadcrumb"},"inLanguage":"de-DE","potentialAction":[{"@type":"ReadAction","target":["https:\/\/palacorle.com\/de\/kpo\/"]}]},{"@type":"BreadcrumbList","@id":"https:\/\/palacorle.com\/de\/kpo\/#breadcrumb","itemListElement":[{"@type":"ListItem","position":1,"name":"Strona g\u0142\u00f3wna","item":"https:\/\/palacorle.com\/de\/"},{"@type":"ListItem","position":2,"name":"KPO"}]},{"@type":"WebSite","@id":"https:\/\/palacorle.com\/de\/#website","url":"https:\/\/palacorle.com\/de\/","name":"Pa\u0142ac Orle","description":"Pa\u0142ac My\u015bliwski Orle - Wypoczynek Miros\u0142awiec Drawsko Orle","publisher":{"@id":"https:\/\/palacorle.com\/de\/#organization"},"potentialAction":[{"@type":"SearchAction","target":{"@type":"EntryPoint","urlTemplate":"https:\/\/palacorle.com\/de\/?s={search_term_string}"},"query-input":{"@type":"PropertyValueSpecification","valueRequired":true,"valueName":"search_term_string"}}],"inLanguage":"de-DE"},{"@type":"Organization","@id":"https:\/\/palacorle.com\/de\/#organization","name":"Pa\u0142ac Orle","url":"https:\/\/palacorle.com\/de\/","logo":{"@type":"ImageObject","inLanguage":"de-DE","@id":"https:\/\/palacorle.com\/de\/#\/schema\/logo\/image\/","url":"https:\/\/palacorle.com\/app\/uploads\/2025\/03\/orle-logo.jpg","contentUrl":"https:\/\/palacorle.com\/app\/uploads\/2025\/03\/orle-logo.jpg","width":600,"height":308,"caption":"Pa\u0142ac Orle"},"image":{"@id":"https:\/\/palacorle.com\/de\/#\/schema\/logo\/image\/"},"sameAs":["https:\/\/www.facebook.com\/HotelOrle\/","https:\/\/www.instagram.com\/palacorle\/"]}]}},"_links":{"self":[{"href":"https:\/\/palacorle.com\/de\/wp-json\/wp\/v2\/pages\/1064","targetHints":{"allow":["GET"]}}],"collection":[{"href":"https:\/\/palacorle.com\/de\/wp-json\/wp\/v2\/pages"}],"about":[{"href":"https:\/\/palacorle.com\/de\/wp-json\/wp\/v2\/types\/page"}],"author":[{"embeddable":true,"href":"https:\/\/palacorle.com\/de\/wp-json\/wp\/v2\/users\/1"}],"replies":[{"embeddable":true,"href":"https:\/\/palacorle.com\/de\/wp-json\/wp\/v2\/comments?post=1064"}],"version-history":[{"count":2,"href":"https:\/\/palacorle.com\/de\/wp-json\/wp\/v2\/pages\/1064\/revisions"}],"predecessor-version":[{"id":1094,"href":"https:\/\/palacorle.com\/de\/wp-json\/wp\/v2\/pages\/1064\/revisions\/1094"}],"wp:attachment":[{"href":"https:\/\/palacorle.com\/de\/wp-json\/wp\/v2\/media?parent=1064"}],"curies":[{"name":"wp","href":"https:\/\/api.w.org\/{rel}","templated":true}]}}