{"id":508,"date":"2024-11-25T16:15:53","date_gmt":"2024-11-25T15:15:53","guid":{"rendered":"https:\/\/palacorle.com\/home\/"},"modified":"2025-05-08T15:43:55","modified_gmt":"2025-05-08T13:43:55","slug":"home","status":"publish","type":"page","link":"https:\/\/palacorle.com\/de\/","title":{"rendered":"Jagdschloss"},"content":{"rendered":"<section class=\"hero hero--gallery\">\n    <div class=\"swiper heroSwiper\">\n      <div class=\"swiper-wrapper\">\n                  <div class=\"swiper-slide\" style=\"background-image: url(https:\/\/palacorle.com\/app\/uploads\/2025\/05\/27_Palac-Orle_2024_DRON_615-1.webp)\"><\/div>\n                  <div class=\"swiper-slide\" style=\"background-image: url(https:\/\/palacorle.com\/app\/uploads\/2025\/03\/5_Palac-Orle_2024__468.webp)\"><\/div>\n                  <div class=\"swiper-slide\" style=\"background-image: url(https:\/\/palacorle.com\/app\/uploads\/2025\/03\/18_Palac-Orle_2024__205.webp)\"><\/div>\n              <\/div>\n      <div class=\"hero__text\">\n        <div class=\"container\">\n          <div class=\"row\">\n            <div class=\"col-lg-7\">\n                              <h1>Das Orle Jagdschloss<\/h1>\n                                            <h2>Entspannen Sie sich in der Natur!<\/h2>\n                          <\/div>\n            <div class=\"col-lg-4 offset-lg-1 d-none d-lg-block\">\n\n                          <\/div>\n          <\/div>\n        <\/div>\n      <\/div>\n    <\/div>\n  <\/section><section class=\"text-block\">\n  <div class=\"container\">\n        <p>Viele Menschen m\u00f6chten heraus aus dem Alltagsl\u00e4rm und einmal richtig aufatmen \u2013 dabei eine traumhafte K\u00fcche genie\u00dfen. Eigens f\u00fcr sie haben wir das Jagdschloss Orle eingerichtet. Es liegt inmitten von W\u00e4ldern und kristallklaren Seen, zwischen Drawsko Pomorskie und Miros\u0142awiec in dem kleinen, ruhigen Dorf Orle. Ruhe und Entspannung sind bei uns garantiert.<\/p>\n<p>Schlafen Sie sich in unseren bequemen, duftenden Betten einmal so richtig aus; st\u00f6bern Sie in unserer Bibliothek voller B\u00fccher, Filme und Musik. Genie\u00dfen Sie die Natur der Dramburger Seenplatte \u2013 z.B. auf Wanderungen und Radtouren, beim Baden im See, bei Kajakfahrten auf der Drage (Drawa), beim Beobachten von Wisenten, Bibern und Kranichen oder bei einem Besuch im Naturschutzgebiet Drawsko. Im Winter empfehlen wir einen Abstecher zum Skilift in Stara Studnica; auch Skilanglauf und Schlittschuhlaufen auf dem nahegelegenen kleinen See sind m\u00f6glich.<\/p>\n<p>Danach laden wir Sie ein zu k\u00f6stlichen Piroggen, Pfannkuchen oder Kuchen aus eigener Herstellung. Alle unsere Gerichte werden aus frischen, \u00f6kologischen Produkten zubereitet. Unser freundliches, diskretes Personal sorgt f\u00fcr einen rundum gelungenen Aufenthalt. Gern k\u00fcmmern wir uns auch um Ihre Kinder, die sich bei uns ganz frei und unbeschwert f\u00fchlen k\u00f6nnen \u2013 w\u00e4hrend die Eltern auch einmal Zeit f\u00fcr sich haben.<\/p>\n<p><strong>Wir laden Sie ein,<\/strong><br \/>\n<em><strong>Jagdschloss Orle\u00a0<\/strong><\/em><\/p>\n  <\/div>\n<\/section>","protected":false},"excerpt":{"rendered":"","protected":false},"author":1,"featured_media":0,"parent":0,"menu_order":31,"comment_status":"closed","ping_status":"closed","template":"","meta":{"_acf_changed":false,"footnotes":""},"class_list":["post-508","page","type-page","status-publish","hentry"],"acf":[],"yoast_head":"<!-- This site is optimized with the Yoast SEO plugin v24.7 - https:\/\/yoast.com\/wordpress\/plugins\/seo\/ -->\n<title>Jagdschloss - Pa\u0142ac Orle<\/title>\n<meta name=\"robots\" content=\"index, follow, max-snippet:-1, max-image-preview:large, max-video-preview:-1\" \/>\n<link rel=\"canonical\" href=\"https:\/\/palacorle.com\/de\/\" \/>\n<meta property=\"og:locale\" content=\"de_DE\" \/>\n<meta property=\"og:type\" content=\"article\" \/>\n<meta property=\"og:title\" content=\"Jagdschloss - Pa\u0142ac Orle\" \/>\n<meta property=\"og:url\" content=\"https:\/\/palacorle.com\/de\/\" \/>\n<meta property=\"og:site_name\" content=\"Pa\u0142ac Orle\" \/>\n<meta property=\"article:publisher\" content=\"https:\/\/www.facebook.com\/HotelOrle\/\" \/>\n<meta property=\"article:modified_time\" content=\"2025-05-08T13:43:55+00:00\" \/>\n<meta name=\"twitter:card\" content=\"summary_large_image\" \/>\n<script type=\"application\/ld+json\" class=\"yoast-schema-graph\">{\"@context\":\"https:\/\/schema.org\",\"@graph\":[{\"@type\":\"WebPage\",\"@id\":\"https:\/\/palacorle.com\/de\/\",\"url\":\"https:\/\/palacorle.com\/de\/\",\"name\":\"Jagdschloss - Pa\u0142ac Orle\",\"isPartOf\":{\"@id\":\"https:\/\/palacorle.com\/de\/#website\"},\"datePublished\":\"2024-11-25T15:15:53+00:00\",\"dateModified\":\"2025-05-08T13:43:55+00:00\",\"breadcrumb\":{\"@id\":\"https:\/\/palacorle.com\/de\/#breadcrumb\"},\"inLanguage\":\"de-DE\",\"potentialAction\":[{\"@type\":\"ReadAction\",\"target\":[\"https:\/\/palacorle.com\/de\/\"]}]},{\"@type\":\"BreadcrumbList\",\"@id\":\"https:\/\/palacorle.com\/de\/#breadcrumb\",\"itemListElement\":[{\"@type\":\"ListItem\",\"position\":1,\"name\":\"Strona g\u0142\u00f3wna\",\"item\":\"https:\/\/palacorle.com\/de\/\"},{\"@type\":\"ListItem\",\"position\":2,\"name\":\"Jagdschloss\"}]},{\"@type\":\"WebSite\",\"@id\":\"https:\/\/palacorle.com\/de\/#website\",\"url\":\"https:\/\/palacorle.com\/de\/\",\"name\":\"Pa\u0142ac Orle\",\"description\":\"Pa\u0142ac My\u015bliwski Orle - Wypoczynek Miros\u0142awiec Drawsko Orle\",\"publisher\":{\"@id\":\"https:\/\/palacorle.com\/de\/#organization\"},\"potentialAction\":[{\"@type\":\"SearchAction\",\"target\":{\"@type\":\"EntryPoint\",\"urlTemplate\":\"https:\/\/palacorle.com\/de\/?s={search_term_string}\"},\"query-input\":{\"@type\":\"PropertyValueSpecification\",\"valueRequired\":true,\"valueName\":\"search_term_string\"}}],\"inLanguage\":\"de-DE\"},{\"@type\":\"Organization\",\"@id\":\"https:\/\/palacorle.com\/de\/#organization\",\"name\":\"Pa\u0142ac Orle\",\"url\":\"https:\/\/palacorle.com\/de\/\",\"logo\":{\"@type\":\"ImageObject\",\"inLanguage\":\"de-DE\",\"@id\":\"https:\/\/palacorle.com\/de\/#\/schema\/logo\/image\/\",\"url\":\"https:\/\/palacorle.com\/app\/uploads\/2025\/03\/orle-logo.jpg\",\"contentUrl\":\"https:\/\/palacorle.com\/app\/uploads\/2025\/03\/orle-logo.jpg\",\"width\":600,\"height\":308,\"caption\":\"Pa\u0142ac Orle\"},\"image\":{\"@id\":\"https:\/\/palacorle.com\/de\/#\/schema\/logo\/image\/\"},\"sameAs\":[\"https:\/\/www.facebook.com\/HotelOrle\/\",\"https:\/\/www.instagram.com\/palacorle\/\"]}]}<\/script>\n<!-- \/ Yoast SEO plugin. -->","yoast_head_json":{"title":"Jagdschloss - Pa\u0142ac Orle","robots":{"index":"index","follow":"follow","max-snippet":"max-snippet:-1","max-image-preview":"max-image-preview:large","max-video-preview":"max-video-preview:-1"},"canonical":"https:\/\/palacorle.com\/de\/","og_locale":"de_DE","og_type":"article","og_title":"Jagdschloss - Pa\u0142ac Orle","og_url":"https:\/\/palacorle.com\/de\/","og_site_name":"Pa\u0142ac Orle","article_publisher":"https:\/\/www.facebook.com\/HotelOrle\/","article_modified_time":"2025-05-08T13:43:55+00:00","twitter_card":"summary_large_image","schema":{"@context":"https:\/\/schema.org","@graph":[{"@type":"WebPage","@id":"https:\/\/palacorle.com\/de\/","url":"https:\/\/palacorle.com\/de\/","name":"Jagdschloss - Pa\u0142ac Orle","isPartOf":{"@id":"https:\/\/palacorle.com\/de\/#website"},"datePublished":"2024-11-25T15:15:53+00:00","dateModified":"2025-05-08T13:43:55+00:00","breadcrumb":{"@id":"https:\/\/palacorle.com\/de\/#breadcrumb"},"inLanguage":"de-DE","potentialAction":[{"@type":"ReadAction","target":["https:\/\/palacorle.com\/de\/"]}]},{"@type":"BreadcrumbList","@id":"https:\/\/palacorle.com\/de\/#breadcrumb","itemListElement":[{"@type":"ListItem","position":1,"name":"Strona g\u0142\u00f3wna","item":"https:\/\/palacorle.com\/de\/"},{"@type":"ListItem","position":2,"name":"Jagdschloss"}]},{"@type":"WebSite","@id":"https:\/\/palacorle.com\/de\/#website","url":"https:\/\/palacorle.com\/de\/","name":"Pa\u0142ac Orle","description":"Pa\u0142ac My\u015bliwski Orle - Wypoczynek Miros\u0142awiec Drawsko Orle","publisher":{"@id":"https:\/\/palacorle.com\/de\/#organization"},"potentialAction":[{"@type":"SearchAction","target":{"@type":"EntryPoint","urlTemplate":"https:\/\/palacorle.com\/de\/?s={search_term_string}"},"query-input":{"@type":"PropertyValueSpecification","valueRequired":true,"valueName":"search_term_string"}}],"inLanguage":"de-DE"},{"@type":"Organization","@id":"https:\/\/palacorle.com\/de\/#organization","name":"Pa\u0142ac Orle","url":"https:\/\/palacorle.com\/de\/","logo":{"@type":"ImageObject","inLanguage":"de-DE","@id":"https:\/\/palacorle.com\/de\/#\/schema\/logo\/image\/","url":"https:\/\/palacorle.com\/app\/uploads\/2025\/03\/orle-logo.jpg","contentUrl":"https:\/\/palacorle.com\/app\/uploads\/2025\/03\/orle-logo.jpg","width":600,"height":308,"caption":"Pa\u0142ac Orle"},"image":{"@id":"https:\/\/palacorle.com\/de\/#\/schema\/logo\/image\/"},"sameAs":["https:\/\/www.facebook.com\/HotelOrle\/","https:\/\/www.instagram.com\/palacorle\/"]}]}},"_links":{"self":[{"href":"https:\/\/palacorle.com\/de\/wp-json\/wp\/v2\/pages\/508","targetHints":{"allow":["GET"]}}],"collection":[{"href":"https:\/\/palacorle.com\/de\/wp-json\/wp\/v2\/pages"}],"about":[{"href":"https:\/\/palacorle.com\/de\/wp-json\/wp\/v2\/types\/page"}],"author":[{"embeddable":true,"href":"https:\/\/palacorle.com\/de\/wp-json\/wp\/v2\/users\/1"}],"replies":[{"embeddable":true,"href":"https:\/\/palacorle.com\/de\/wp-json\/wp\/v2\/comments?post=508"}],"version-history":[{"count":2,"href":"https:\/\/palacorle.com\/de\/wp-json\/wp\/v2\/pages\/508\/revisions"}],"predecessor-version":[{"id":1216,"href":"https:\/\/palacorle.com\/de\/wp-json\/wp\/v2\/pages\/508\/revisions\/1216"}],"wp:attachment":[{"href":"https:\/\/palacorle.com\/de\/wp-json\/wp\/v2\/media?parent=508"}],"curies":[{"name":"wp","href":"https:\/\/api.w.org\/{rel}","templated":true}]}}