{"id":789,"date":"2024-11-25T16:28:13","date_gmt":"2024-11-25T15:28:13","guid":{"rendered":"https:\/\/palacorle.com\/atrakcje\/"},"modified":"2025-03-20T10:56:26","modified_gmt":"2025-03-20T09:56:26","slug":"attraktionen","status":"publish","type":"page","link":"https:\/\/palacorle.com\/de\/attraktionen\/","title":{"rendered":"Attraktionen"},"content":{"rendered":"<div class=\"hero hero--image\" style=\"background-image:url(https:\/\/palacorle.com\/app\/uploads\/2024\/12\/hero-atrakcje.webp)\">\n      <div class=\"hero__text\">\n        <div class=\"container\">\n          <div class=\"row\">\n            <div class=\"col-lg-7\">\n                              <h1>Sehensw\u00fcrdigkeiten<\/h1>\n                                        <\/div>\n            <div class=\"col-lg-4 offset-lg-1 d-none d-lg-block\">\n\n                          <\/div>\n          <\/div>\n        <\/div>\n      <\/div>\n    <\/div><section class=\"image-text\">\n  <div class=\"container\">\n    <div class=\"row align-items-center\">\n      <div class=\"col-lg-6 image-text--right\">\n        <div class=\"image-text__image\">\n          <img decoding=\"async\" width=\"1024\" height=\"784\" src=\"https:\/\/palacorle.com\/app\/uploads\/2024\/12\/sauna-1024x784.jpg\" class=\"attachment-large size-large\" alt=\"\" srcset=\"https:\/\/palacorle.com\/app\/uploads\/2024\/12\/sauna-1024x784.jpg 1024w, https:\/\/palacorle.com\/app\/uploads\/2024\/12\/sauna-300x230.jpg 300w, https:\/\/palacorle.com\/app\/uploads\/2024\/12\/sauna-768x588.jpg 768w, https:\/\/palacorle.com\/app\/uploads\/2024\/12\/sauna.jpg 1176w\" sizes=\"(max-width: 1024px) 100vw, 1024px\" \/>        <\/div>\n      <\/div>\n      <div class=\"col-lg-6\">\n                <h2>Sauna<\/h2>\n        <div class=\"image-text__text\">\n          <p>Unseren G\u00e4sten steht eine brandneue, duftende Sauna zur Verf\u00fcgung.<br \/>\nNach einem Bad im See oder einem Spaziergang an einem k\u00fchlen Tag \u2013 genau das Richtige.<\/p>\n        <\/div>\n      <\/div>\n    <\/div>\n  <\/div>\n<\/section><section class=\"image-text\">\n  <div class=\"container\">\n    <div class=\"row align-items-center\">\n      <div class=\"col-lg-6 image-text--left\">\n        <div class=\"image-text__image\">\n          <img decoding=\"async\" width=\"1024\" height=\"784\" src=\"https:\/\/palacorle.com\/app\/uploads\/2024\/12\/Mask-group-1024x784.jpg\" class=\"attachment-large size-large\" alt=\"\" srcset=\"https:\/\/palacorle.com\/app\/uploads\/2024\/12\/Mask-group-1024x784.jpg 1024w, https:\/\/palacorle.com\/app\/uploads\/2024\/12\/Mask-group-300x230.jpg 300w, https:\/\/palacorle.com\/app\/uploads\/2024\/12\/Mask-group-768x588.jpg 768w, https:\/\/palacorle.com\/app\/uploads\/2024\/12\/Mask-group.jpg 1176w\" sizes=\"(max-width: 1024px) 100vw, 1024px\" \/>        <\/div>\n      <\/div>\n      <div class=\"col-lg-6\">\n                  <div class=\"h6\">+ 35 Minuten mit dem Auto \/ 36 km<\/div>\n                <h2>Seilgarten<\/h2>\n        <div class=\"image-text__text\">\n          <p>Knapp 7 km von Wa\u0142cz entfernt, in der Ortschaft Rudnica, befindet sich ein Seilpark. Mit 1054 m L\u00e4nge und insgesamt 56 Hindernisse mit verschiedenen Schwierigkeitsgraden handelt es sich um eine der gr\u00f6\u00dften Anlagen dieser Art in Polen.<\/p>\n<p><a href=\"http:\/\/www.rudnicapark.pl\/\" target=\"_blank\" rel=\"noopener\">http:\/\/www.rudnicapark.pl\/<\/a><\/p>\n        <\/div>\n      <\/div>\n    <\/div>\n  <\/div>\n<\/section><section class=\"image-text\">\n  <div class=\"container\">\n    <div class=\"row align-items-center\">\n      <div class=\"col-lg-6 image-text--right\">\n        <div class=\"image-text__image\">\n          <img decoding=\"async\" width=\"1024\" height=\"784\" src=\"https:\/\/palacorle.com\/app\/uploads\/2024\/12\/splywy-1024x784.jpg\" class=\"attachment-large size-large\" alt=\"\" srcset=\"https:\/\/palacorle.com\/app\/uploads\/2024\/12\/splywy-1024x784.jpg 1024w, https:\/\/palacorle.com\/app\/uploads\/2024\/12\/splywy-300x230.jpg 300w, https:\/\/palacorle.com\/app\/uploads\/2024\/12\/splywy-768x588.jpg 768w, https:\/\/palacorle.com\/app\/uploads\/2024\/12\/splywy.jpg 1176w\" sizes=\"(max-width: 1024px) 100vw, 1024px\" \/>        <\/div>\n      <\/div>\n      <div class=\"col-lg-6\">\n                  <div class=\"h6\">+ 20 Minuten mit dem Auto<\/div>\n                <h2>Kajaktour auf der Drawa<\/h2>\n        <div class=\"image-text__text\">\n          <p>179 km lange Kajakroute \u2013 eine der bekanntesten in Polen.<\/p>\n<p><a href=\"https:\/\/www.splywykajakowedrawa.pl\/\" target=\"_blank\" rel=\"noopener\">https:\/\/www.splywykajakowedrawa.pl\/<\/a><\/p>\n        <\/div>\n      <\/div>\n    <\/div>\n  <\/div>\n<\/section><section class=\"image-text\">\n  <div class=\"container\">\n    <div class=\"row align-items-center\">\n      <div class=\"col-lg-6 image-text--left\">\n        <div class=\"image-text__image\">\n          <img decoding=\"async\" width=\"1024\" height=\"784\" src=\"https:\/\/palacorle.com\/app\/uploads\/2024\/12\/dpn-1024x784.jpg\" class=\"attachment-large size-large\" alt=\"\" srcset=\"https:\/\/palacorle.com\/app\/uploads\/2024\/12\/dpn-1024x784.jpg 1024w, https:\/\/palacorle.com\/app\/uploads\/2024\/12\/dpn-300x230.jpg 300w, https:\/\/palacorle.com\/app\/uploads\/2024\/12\/dpn-768x588.jpg 768w, https:\/\/palacorle.com\/app\/uploads\/2024\/12\/dpn.jpg 1176w\" sizes=\"(max-width: 1024px) 100vw, 1024px\" \/>        <\/div>\n      <\/div>\n      <div class=\"col-lg-6\">\n                  <div class=\"h6\">+ 31 Minuten mit dem Auto \/ 31 km<\/div>\n                <h2>Naturschutzgebiet Drawsko<\/h2>\n        <div class=\"image-text__text\">\n          <p>Im Umkreis von 20 bis 40 km um das Hotel befindet sich eine Reihe touristisch attraktiver St\u00e4dte wie Z\u0142ocieniec, Czaplinek, Drawsko, \u0141obez, Wa\u0142cz, Tuczno, Kalisz Pomorski, Drawno und Cz\u0142opa \u2013 mit vielen historischen Geb\u00e4uden, die von einer \u00fcber 600-j\u00e4hrigen Geschichte zeugen.<\/p>\n<p><a href=\"http:\/\/www.dpn.pl\" target=\"_blank\" rel=\"noopener\">http:\/\/www.dpn.pl<\/a><\/p>\n        <\/div>\n      <\/div>\n    <\/div>\n  <\/div>\n<\/section><section class=\"image-text\">\n  <div class=\"container\">\n    <div class=\"row align-items-center\">\n      <div class=\"col-lg-6 image-text--right\">\n        <div class=\"image-text__image\">\n          <img decoding=\"async\" width=\"1024\" height=\"784\" src=\"https:\/\/palacorle.com\/app\/uploads\/2024\/12\/zubty-1024x784.jpg\" class=\"attachment-large size-large\" alt=\"\" srcset=\"https:\/\/palacorle.com\/app\/uploads\/2024\/12\/zubty-1024x784.jpg 1024w, https:\/\/palacorle.com\/app\/uploads\/2024\/12\/zubty-300x230.jpg 300w, https:\/\/palacorle.com\/app\/uploads\/2024\/12\/zubty-768x588.jpg 768w, https:\/\/palacorle.com\/app\/uploads\/2024\/12\/zubty.jpg 1176w\" sizes=\"(max-width: 1024px) 100vw, 1024px\" \/>        <\/div>\n      <\/div>\n      <div class=\"col-lg-6\">\n                  <div class=\"h6\">+18 Minuten mit dem Auto  \/ 22km<\/div>\n                <h2>Wisente<\/h2>\n        <div class=\"image-text__text\">\n          <p>In der Umgebung von Miros\u0142awiec lebt eine Wisent-Herde mit ca. 40 Tieren. Am h\u00e4ufigsten werden die Wisente in den Forstrevieren Bety\u0144, Nierad\u017a, Hanki und Toporzyk und Miros\u0142awiec und auf den Feldern um die Ortschaften Piecnik, Pr\u00f3chnowo, Hanki und Marcinkowice (Gemeinden Miros\u0142awiec und Wa\u0142cz) gesichtet.<\/p>\n<p><a href=\"https:\/\/dzika-zagroda.pl\/\" target=\"_blank\" rel=\"noopener\">https:\/\/dzika-zagroda.pl\/<\/a><\/p>\n<p>&nbsp;<\/p>\n        <\/div>\n      <\/div>\n    <\/div>\n  <\/div>\n<\/section><section class=\"image-text\">\n  <div class=\"container\">\n    <div class=\"row align-items-center\">\n      <div class=\"col-lg-6 image-text--left\">\n        <div class=\"image-text__image\">\n          <img decoding=\"async\" width=\"1024\" height=\"784\" src=\"https:\/\/palacorle.com\/app\/uploads\/2024\/12\/grzyby-1024x784.jpg\" class=\"attachment-large size-large\" alt=\"\" srcset=\"https:\/\/palacorle.com\/app\/uploads\/2024\/12\/grzyby-1024x784.jpg 1024w, https:\/\/palacorle.com\/app\/uploads\/2024\/12\/grzyby-300x230.jpg 300w, https:\/\/palacorle.com\/app\/uploads\/2024\/12\/grzyby-768x588.jpg 768w, https:\/\/palacorle.com\/app\/uploads\/2024\/12\/grzyby.jpg 1176w\" sizes=\"(max-width: 1024px) 100vw, 1024px\" \/>        <\/div>\n      <\/div>\n      <div class=\"col-lg-6\">\n                  <div class=\"h6\">+ 1 Minute zu Fu\u00df<\/div>\n                <h2>Jagd, Pilzesammeln, Angeln, Offroad!<\/h2>\n        <div class=\"image-text__text\">\n          <p>F\u00fcr unsere G\u00e4ste organisieren wir Jagden, Angeln, Pilzesammeln und Offroad-Abenteuer.<\/p>\n        <\/div>\n      <\/div>\n    <\/div>\n  <\/div>\n<\/section>","protected":false},"excerpt":{"rendered":"","protected":false},"author":1,"featured_media":0,"parent":0,"menu_order":19,"comment_status":"closed","ping_status":"closed","template":"","meta":{"_acf_changed":false,"footnotes":""},"class_list":["post-789","page","type-page","status-publish","hentry"],"acf":[],"yoast_head":"<!-- This site is optimized with the Yoast SEO plugin v24.7 - https:\/\/yoast.com\/wordpress\/plugins\/seo\/ -->\n<title>Attraktionen - Pa\u0142ac Orle<\/title>\n<meta name=\"robots\" content=\"index, follow, max-snippet:-1, max-image-preview:large, max-video-preview:-1\" \/>\n<link rel=\"canonical\" href=\"https:\/\/palacorle.com\/de\/attraktionen\/\" \/>\n<meta property=\"og:locale\" content=\"de_DE\" \/>\n<meta property=\"og:type\" content=\"article\" \/>\n<meta property=\"og:title\" content=\"Attraktionen - Pa\u0142ac Orle\" \/>\n<meta property=\"og:url\" content=\"https:\/\/palacorle.com\/de\/attraktionen\/\" \/>\n<meta property=\"og:site_name\" content=\"Pa\u0142ac Orle\" \/>\n<meta property=\"article:publisher\" content=\"https:\/\/www.facebook.com\/HotelOrle\/\" \/>\n<meta property=\"article:modified_time\" content=\"2025-03-20T09:56:26+00:00\" \/>\n<meta name=\"twitter:card\" content=\"summary_large_image\" \/>\n<script type=\"application\/ld+json\" class=\"yoast-schema-graph\">{\"@context\":\"https:\/\/schema.org\",\"@graph\":[{\"@type\":\"WebPage\",\"@id\":\"https:\/\/palacorle.com\/de\/attraktionen\/\",\"url\":\"https:\/\/palacorle.com\/de\/attraktionen\/\",\"name\":\"Attraktionen - Pa\u0142ac Orle\",\"isPartOf\":{\"@id\":\"https:\/\/palacorle.com\/de\/#website\"},\"datePublished\":\"2024-11-25T15:28:13+00:00\",\"dateModified\":\"2025-03-20T09:56:26+00:00\",\"breadcrumb\":{\"@id\":\"https:\/\/palacorle.com\/de\/attraktionen\/#breadcrumb\"},\"inLanguage\":\"de-DE\",\"potentialAction\":[{\"@type\":\"ReadAction\",\"target\":[\"https:\/\/palacorle.com\/de\/attraktionen\/\"]}]},{\"@type\":\"BreadcrumbList\",\"@id\":\"https:\/\/palacorle.com\/de\/attraktionen\/#breadcrumb\",\"itemListElement\":[{\"@type\":\"ListItem\",\"position\":1,\"name\":\"Strona g\u0142\u00f3wna\",\"item\":\"https:\/\/palacorle.com\/de\/\"},{\"@type\":\"ListItem\",\"position\":2,\"name\":\"Attraktionen\"}]},{\"@type\":\"WebSite\",\"@id\":\"https:\/\/palacorle.com\/de\/#website\",\"url\":\"https:\/\/palacorle.com\/de\/\",\"name\":\"Pa\u0142ac Orle\",\"description\":\"Pa\u0142ac My\u015bliwski Orle - Wypoczynek Miros\u0142awiec Drawsko Orle\",\"publisher\":{\"@id\":\"https:\/\/palacorle.com\/de\/#organization\"},\"potentialAction\":[{\"@type\":\"SearchAction\",\"target\":{\"@type\":\"EntryPoint\",\"urlTemplate\":\"https:\/\/palacorle.com\/de\/?s={search_term_string}\"},\"query-input\":{\"@type\":\"PropertyValueSpecification\",\"valueRequired\":true,\"valueName\":\"search_term_string\"}}],\"inLanguage\":\"de-DE\"},{\"@type\":\"Organization\",\"@id\":\"https:\/\/palacorle.com\/de\/#organization\",\"name\":\"Pa\u0142ac Orle\",\"url\":\"https:\/\/palacorle.com\/de\/\",\"logo\":{\"@type\":\"ImageObject\",\"inLanguage\":\"de-DE\",\"@id\":\"https:\/\/palacorle.com\/de\/#\/schema\/logo\/image\/\",\"url\":\"https:\/\/palacorle.com\/app\/uploads\/2025\/03\/orle-logo.jpg\",\"contentUrl\":\"https:\/\/palacorle.com\/app\/uploads\/2025\/03\/orle-logo.jpg\",\"width\":600,\"height\":308,\"caption\":\"Pa\u0142ac Orle\"},\"image\":{\"@id\":\"https:\/\/palacorle.com\/de\/#\/schema\/logo\/image\/\"},\"sameAs\":[\"https:\/\/www.facebook.com\/HotelOrle\/\",\"https:\/\/www.instagram.com\/palacorle\/\"]}]}<\/script>\n<!-- \/ Yoast SEO plugin. -->","yoast_head_json":{"title":"Attraktionen - Pa\u0142ac Orle","robots":{"index":"index","follow":"follow","max-snippet":"max-snippet:-1","max-image-preview":"max-image-preview:large","max-video-preview":"max-video-preview:-1"},"canonical":"https:\/\/palacorle.com\/de\/attraktionen\/","og_locale":"de_DE","og_type":"article","og_title":"Attraktionen - Pa\u0142ac Orle","og_url":"https:\/\/palacorle.com\/de\/attraktionen\/","og_site_name":"Pa\u0142ac Orle","article_publisher":"https:\/\/www.facebook.com\/HotelOrle\/","article_modified_time":"2025-03-20T09:56:26+00:00","twitter_card":"summary_large_image","schema":{"@context":"https:\/\/schema.org","@graph":[{"@type":"WebPage","@id":"https:\/\/palacorle.com\/de\/attraktionen\/","url":"https:\/\/palacorle.com\/de\/attraktionen\/","name":"Attraktionen - Pa\u0142ac Orle","isPartOf":{"@id":"https:\/\/palacorle.com\/de\/#website"},"datePublished":"2024-11-25T15:28:13+00:00","dateModified":"2025-03-20T09:56:26+00:00","breadcrumb":{"@id":"https:\/\/palacorle.com\/de\/attraktionen\/#breadcrumb"},"inLanguage":"de-DE","potentialAction":[{"@type":"ReadAction","target":["https:\/\/palacorle.com\/de\/attraktionen\/"]}]},{"@type":"BreadcrumbList","@id":"https:\/\/palacorle.com\/de\/attraktionen\/#breadcrumb","itemListElement":[{"@type":"ListItem","position":1,"name":"Strona g\u0142\u00f3wna","item":"https:\/\/palacorle.com\/de\/"},{"@type":"ListItem","position":2,"name":"Attraktionen"}]},{"@type":"WebSite","@id":"https:\/\/palacorle.com\/de\/#website","url":"https:\/\/palacorle.com\/de\/","name":"Pa\u0142ac Orle","description":"Pa\u0142ac My\u015bliwski Orle - Wypoczynek Miros\u0142awiec Drawsko Orle","publisher":{"@id":"https:\/\/palacorle.com\/de\/#organization"},"potentialAction":[{"@type":"SearchAction","target":{"@type":"EntryPoint","urlTemplate":"https:\/\/palacorle.com\/de\/?s={search_term_string}"},"query-input":{"@type":"PropertyValueSpecification","valueRequired":true,"valueName":"search_term_string"}}],"inLanguage":"de-DE"},{"@type":"Organization","@id":"https:\/\/palacorle.com\/de\/#organization","name":"Pa\u0142ac Orle","url":"https:\/\/palacorle.com\/de\/","logo":{"@type":"ImageObject","inLanguage":"de-DE","@id":"https:\/\/palacorle.com\/de\/#\/schema\/logo\/image\/","url":"https:\/\/palacorle.com\/app\/uploads\/2025\/03\/orle-logo.jpg","contentUrl":"https:\/\/palacorle.com\/app\/uploads\/2025\/03\/orle-logo.jpg","width":600,"height":308,"caption":"Pa\u0142ac Orle"},"image":{"@id":"https:\/\/palacorle.com\/de\/#\/schema\/logo\/image\/"},"sameAs":["https:\/\/www.facebook.com\/HotelOrle\/","https:\/\/www.instagram.com\/palacorle\/"]}]}},"_links":{"self":[{"href":"https:\/\/palacorle.com\/de\/wp-json\/wp\/v2\/pages\/789","targetHints":{"allow":["GET"]}}],"collection":[{"href":"https:\/\/palacorle.com\/de\/wp-json\/wp\/v2\/pages"}],"about":[{"href":"https:\/\/palacorle.com\/de\/wp-json\/wp\/v2\/types\/page"}],"author":[{"embeddable":true,"href":"https:\/\/palacorle.com\/de\/wp-json\/wp\/v2\/users\/1"}],"replies":[{"embeddable":true,"href":"https:\/\/palacorle.com\/de\/wp-json\/wp\/v2\/comments?post=789"}],"version-history":[{"count":2,"href":"https:\/\/palacorle.com\/de\/wp-json\/wp\/v2\/pages\/789\/revisions"}],"predecessor-version":[{"id":826,"href":"https:\/\/palacorle.com\/de\/wp-json\/wp\/v2\/pages\/789\/revisions\/826"}],"wp:attachment":[{"href":"https:\/\/palacorle.com\/de\/wp-json\/wp\/v2\/media?parent=789"}],"curies":[{"name":"wp","href":"https:\/\/api.w.org\/{rel}","templated":true}]}}