{"id":505,"date":"2024-11-25T16:15:53","date_gmt":"2024-11-25T15:15:53","guid":{"rendered":"https:\/\/palacorle.com\/home\/"},"modified":"2025-05-08T15:43:51","modified_gmt":"2025-05-08T13:43:51","slug":"home","status":"publish","type":"page","link":"https:\/\/palacorle.com\/en\/","title":{"rendered":"Orle Hunting Palace"},"content":{"rendered":"<section class=\"hero hero--gallery\">\n    <div class=\"swiper heroSwiper\">\n      <div class=\"swiper-wrapper\">\n                  <div class=\"swiper-slide\" style=\"background-image: url(https:\/\/palacorle.com\/app\/uploads\/2025\/05\/27_Palac-Orle_2024_DRON_615-1.webp)\"><\/div>\n                  <div class=\"swiper-slide\" style=\"background-image: url(https:\/\/palacorle.com\/app\/uploads\/2025\/03\/5_Palac-Orle_2024__468.webp)\"><\/div>\n                  <div class=\"swiper-slide\" style=\"background-image: url(https:\/\/palacorle.com\/app\/uploads\/2025\/03\/18_Palac-Orle_2024__205.webp)\"><\/div>\n              <\/div>\n      <div class=\"hero__text\">\n        <div class=\"container\">\n          <div class=\"row\">\n            <div class=\"col-lg-7\">\n                              <h1>Orle Hunting Palace<\/h1>\n                                            <h2>relax in nature!<\/h2>\n                          <\/div>\n            <div class=\"col-lg-4 offset-lg-1 d-none d-lg-block\">\n\n                          <\/div>\n          <\/div>\n        <\/div>\n      <\/div>\n    <\/div>\n  <\/section><section class=\"text-block\">\n  <div class=\"container\">\n        <p>Hunting Palace Orle was created to provide respite from the hustle and bustle of everyday life as well as to provide cuisine, that you long for. Therefore, it is located among forests and crystalline clear lakes, between Drawsko Pomorskie and Miros\u0142awiec, in a tiny, quiet village \u2013 Orle.<\/p>\n<p>We provide peace and quiet, comfortable and sweet-smelling beds for you to eventually have proper rest as well as a library full of books, videos and CDs. We encourage you to get sense of nature of the Drawsko Lake District by hiking and biking, swimming in the lake, kayaking on the Drawa river, viewing wisents, beavers, cranes and visiting the Drawa National Park. In winter, we invite you to visit a ski-lift in Stara Studnica or go cross-country skiing or ice skating on a nearby pond. After all those activities, enjoy our delicious, home-made dumplings, pancakes, cakes or pastries. All served dishes are healthy and made from fresh, organic food products.<\/p>\n<p>Our attentive and discreet hotel staff will watch over your all stay. We will be glad to take care of your children making them feel carefree for you to have time for yourself.<\/p>\n<p><strong>We invite you,<\/strong><br \/>\n<em><strong>Orle\u00a0Hunting Palace<\/strong><\/em><\/p>\n  <\/div>\n<\/section>","protected":false},"excerpt":{"rendered":"","protected":false},"author":1,"featured_media":0,"parent":0,"menu_order":31,"comment_status":"closed","ping_status":"closed","template":"","meta":{"_acf_changed":false,"footnotes":""},"class_list":["post-505","page","type-page","status-publish","hentry"],"acf":[],"yoast_head":"<!-- This site is optimized with the Yoast SEO plugin v24.7 - https:\/\/yoast.com\/wordpress\/plugins\/seo\/ -->\n<title>Orle Hunting Palace - Pa\u0142ac Orle<\/title>\n<meta name=\"robots\" content=\"index, follow, max-snippet:-1, max-image-preview:large, max-video-preview:-1\" \/>\n<link rel=\"canonical\" href=\"https:\/\/palacorle.com\/en\/\" \/>\n<meta property=\"og:locale\" content=\"en_US\" \/>\n<meta property=\"og:type\" content=\"article\" \/>\n<meta property=\"og:title\" content=\"Orle Hunting Palace - Pa\u0142ac Orle\" \/>\n<meta property=\"og:url\" content=\"https:\/\/palacorle.com\/en\/\" \/>\n<meta property=\"og:site_name\" content=\"Pa\u0142ac Orle\" \/>\n<meta property=\"article:publisher\" content=\"https:\/\/www.facebook.com\/HotelOrle\/\" \/>\n<meta property=\"article:modified_time\" content=\"2025-05-08T13:43:51+00:00\" \/>\n<meta name=\"twitter:card\" content=\"summary_large_image\" \/>\n<script type=\"application\/ld+json\" class=\"yoast-schema-graph\">{\"@context\":\"https:\/\/schema.org\",\"@graph\":[{\"@type\":\"WebPage\",\"@id\":\"https:\/\/palacorle.com\/en\/\",\"url\":\"https:\/\/palacorle.com\/en\/\",\"name\":\"Orle Hunting Palace - Pa\u0142ac Orle\",\"isPartOf\":{\"@id\":\"https:\/\/palacorle.com\/en\/#website\"},\"datePublished\":\"2024-11-25T15:15:53+00:00\",\"dateModified\":\"2025-05-08T13:43:51+00:00\",\"breadcrumb\":{\"@id\":\"https:\/\/palacorle.com\/en\/#breadcrumb\"},\"inLanguage\":\"en-US\",\"potentialAction\":[{\"@type\":\"ReadAction\",\"target\":[\"https:\/\/palacorle.com\/en\/\"]}]},{\"@type\":\"BreadcrumbList\",\"@id\":\"https:\/\/palacorle.com\/en\/#breadcrumb\",\"itemListElement\":[{\"@type\":\"ListItem\",\"position\":1,\"name\":\"Strona g\u0142\u00f3wna\",\"item\":\"https:\/\/palacorle.com\/en\/\"},{\"@type\":\"ListItem\",\"position\":2,\"name\":\"Orle Hunting Palace\"}]},{\"@type\":\"WebSite\",\"@id\":\"https:\/\/palacorle.com\/en\/#website\",\"url\":\"https:\/\/palacorle.com\/en\/\",\"name\":\"Pa\u0142ac Orle\",\"description\":\"Pa\u0142ac My\u015bliwski Orle - Wypoczynek Miros\u0142awiec Drawsko Orle\",\"publisher\":{\"@id\":\"https:\/\/palacorle.com\/en\/#organization\"},\"potentialAction\":[{\"@type\":\"SearchAction\",\"target\":{\"@type\":\"EntryPoint\",\"urlTemplate\":\"https:\/\/palacorle.com\/en\/?s={search_term_string}\"},\"query-input\":{\"@type\":\"PropertyValueSpecification\",\"valueRequired\":true,\"valueName\":\"search_term_string\"}}],\"inLanguage\":\"en-US\"},{\"@type\":\"Organization\",\"@id\":\"https:\/\/palacorle.com\/en\/#organization\",\"name\":\"Pa\u0142ac Orle\",\"url\":\"https:\/\/palacorle.com\/en\/\",\"logo\":{\"@type\":\"ImageObject\",\"inLanguage\":\"en-US\",\"@id\":\"https:\/\/palacorle.com\/en\/#\/schema\/logo\/image\/\",\"url\":\"https:\/\/palacorle.com\/app\/uploads\/2025\/03\/orle-logo.jpg\",\"contentUrl\":\"https:\/\/palacorle.com\/app\/uploads\/2025\/03\/orle-logo.jpg\",\"width\":600,\"height\":308,\"caption\":\"Pa\u0142ac Orle\"},\"image\":{\"@id\":\"https:\/\/palacorle.com\/en\/#\/schema\/logo\/image\/\"},\"sameAs\":[\"https:\/\/www.facebook.com\/HotelOrle\/\",\"https:\/\/www.instagram.com\/palacorle\/\"]}]}<\/script>\n<!-- \/ Yoast SEO plugin. -->","yoast_head_json":{"title":"Orle Hunting Palace - Pa\u0142ac Orle","robots":{"index":"index","follow":"follow","max-snippet":"max-snippet:-1","max-image-preview":"max-image-preview:large","max-video-preview":"max-video-preview:-1"},"canonical":"https:\/\/palacorle.com\/en\/","og_locale":"en_US","og_type":"article","og_title":"Orle Hunting Palace - Pa\u0142ac Orle","og_url":"https:\/\/palacorle.com\/en\/","og_site_name":"Pa\u0142ac Orle","article_publisher":"https:\/\/www.facebook.com\/HotelOrle\/","article_modified_time":"2025-05-08T13:43:51+00:00","twitter_card":"summary_large_image","schema":{"@context":"https:\/\/schema.org","@graph":[{"@type":"WebPage","@id":"https:\/\/palacorle.com\/en\/","url":"https:\/\/palacorle.com\/en\/","name":"Orle Hunting Palace - Pa\u0142ac Orle","isPartOf":{"@id":"https:\/\/palacorle.com\/en\/#website"},"datePublished":"2024-11-25T15:15:53+00:00","dateModified":"2025-05-08T13:43:51+00:00","breadcrumb":{"@id":"https:\/\/palacorle.com\/en\/#breadcrumb"},"inLanguage":"en-US","potentialAction":[{"@type":"ReadAction","target":["https:\/\/palacorle.com\/en\/"]}]},{"@type":"BreadcrumbList","@id":"https:\/\/palacorle.com\/en\/#breadcrumb","itemListElement":[{"@type":"ListItem","position":1,"name":"Strona g\u0142\u00f3wna","item":"https:\/\/palacorle.com\/en\/"},{"@type":"ListItem","position":2,"name":"Orle Hunting Palace"}]},{"@type":"WebSite","@id":"https:\/\/palacorle.com\/en\/#website","url":"https:\/\/palacorle.com\/en\/","name":"Pa\u0142ac Orle","description":"Pa\u0142ac My\u015bliwski Orle - Wypoczynek Miros\u0142awiec Drawsko Orle","publisher":{"@id":"https:\/\/palacorle.com\/en\/#organization"},"potentialAction":[{"@type":"SearchAction","target":{"@type":"EntryPoint","urlTemplate":"https:\/\/palacorle.com\/en\/?s={search_term_string}"},"query-input":{"@type":"PropertyValueSpecification","valueRequired":true,"valueName":"search_term_string"}}],"inLanguage":"en-US"},{"@type":"Organization","@id":"https:\/\/palacorle.com\/en\/#organization","name":"Pa\u0142ac Orle","url":"https:\/\/palacorle.com\/en\/","logo":{"@type":"ImageObject","inLanguage":"en-US","@id":"https:\/\/palacorle.com\/en\/#\/schema\/logo\/image\/","url":"https:\/\/palacorle.com\/app\/uploads\/2025\/03\/orle-logo.jpg","contentUrl":"https:\/\/palacorle.com\/app\/uploads\/2025\/03\/orle-logo.jpg","width":600,"height":308,"caption":"Pa\u0142ac Orle"},"image":{"@id":"https:\/\/palacorle.com\/en\/#\/schema\/logo\/image\/"},"sameAs":["https:\/\/www.facebook.com\/HotelOrle\/","https:\/\/www.instagram.com\/palacorle\/"]}]}},"_links":{"self":[{"href":"https:\/\/palacorle.com\/en\/wp-json\/wp\/v2\/pages\/505","targetHints":{"allow":["GET"]}}],"collection":[{"href":"https:\/\/palacorle.com\/en\/wp-json\/wp\/v2\/pages"}],"about":[{"href":"https:\/\/palacorle.com\/en\/wp-json\/wp\/v2\/types\/page"}],"author":[{"embeddable":true,"href":"https:\/\/palacorle.com\/en\/wp-json\/wp\/v2\/users\/1"}],"replies":[{"embeddable":true,"href":"https:\/\/palacorle.com\/en\/wp-json\/wp\/v2\/comments?post=505"}],"version-history":[{"count":2,"href":"https:\/\/palacorle.com\/en\/wp-json\/wp\/v2\/pages\/505\/revisions"}],"predecessor-version":[{"id":1215,"href":"https:\/\/palacorle.com\/en\/wp-json\/wp\/v2\/pages\/505\/revisions\/1215"}],"wp:attachment":[{"href":"https:\/\/palacorle.com\/en\/wp-json\/wp\/v2\/media?parent=505"}],"curies":[{"name":"wp","href":"https:\/\/api.w.org\/{rel}","templated":true}]}}