{"id":788,"date":"2024-11-25T16:28:13","date_gmt":"2024-11-25T15:28:13","guid":{"rendered":"https:\/\/palacorle.com\/atrakcje\/"},"modified":"2025-03-20T10:54:47","modified_gmt":"2025-03-20T09:54:47","slug":"attractions","status":"publish","type":"page","link":"https:\/\/palacorle.com\/en\/attractions\/","title":{"rendered":"Attractions"},"content":{"rendered":"<div class=\"hero hero--image\" style=\"background-image:url(https:\/\/palacorle.com\/app\/uploads\/2024\/12\/hero-atrakcje.webp)\">\n      <div class=\"hero__text\">\n        <div class=\"container\">\n          <div class=\"row\">\n            <div class=\"col-lg-7\">\n                              <h1>Attractions<\/h1>\n                                        <\/div>\n            <div class=\"col-lg-4 offset-lg-1 d-none d-lg-block\">\n\n                          <\/div>\n          <\/div>\n        <\/div>\n      <\/div>\n    <\/div><section class=\"image-text\">\n  <div class=\"container\">\n    <div class=\"row align-items-center\">\n      <div class=\"col-lg-6 image-text--right\">\n        <div class=\"image-text__image\">\n          <img decoding=\"async\" width=\"1024\" height=\"784\" src=\"https:\/\/palacorle.com\/app\/uploads\/2024\/12\/sauna-1024x784.jpg\" class=\"attachment-large size-large\" alt=\"\" srcset=\"https:\/\/palacorle.com\/app\/uploads\/2024\/12\/sauna-1024x784.jpg 1024w, https:\/\/palacorle.com\/app\/uploads\/2024\/12\/sauna-300x230.jpg 300w, https:\/\/palacorle.com\/app\/uploads\/2024\/12\/sauna-768x588.jpg 768w, https:\/\/palacorle.com\/app\/uploads\/2024\/12\/sauna.jpg 1176w\" sizes=\"(max-width: 1024px) 100vw, 1024px\" \/>        <\/div>\n      <\/div>\n      <div class=\"col-lg-6\">\n                <h2>Sauna<\/h2>\n        <div class=\"image-text__text\">\n          <p>We offer our guests a brand-new, fragrant sauna.<br \/>\nAfter a swim in the lake or a walk on a chilly day \u2013 just perfect.<\/p>\n        <\/div>\n      <\/div>\n    <\/div>\n  <\/div>\n<\/section><section class=\"image-text\">\n  <div class=\"container\">\n    <div class=\"row align-items-center\">\n      <div class=\"col-lg-6 image-text--left\">\n        <div class=\"image-text__image\">\n          <img decoding=\"async\" width=\"1024\" height=\"784\" src=\"https:\/\/palacorle.com\/app\/uploads\/2024\/12\/Mask-group-1024x784.jpg\" class=\"attachment-large size-large\" alt=\"\" srcset=\"https:\/\/palacorle.com\/app\/uploads\/2024\/12\/Mask-group-1024x784.jpg 1024w, https:\/\/palacorle.com\/app\/uploads\/2024\/12\/Mask-group-300x230.jpg 300w, https:\/\/palacorle.com\/app\/uploads\/2024\/12\/Mask-group-768x588.jpg 768w, https:\/\/palacorle.com\/app\/uploads\/2024\/12\/Mask-group.jpg 1176w\" sizes=\"(max-width: 1024px) 100vw, 1024px\" \/>        <\/div>\n      <\/div>\n      <div class=\"col-lg-6\">\n                  <div class=\"h6\">+ 35 minutes drive \/ 36 km<\/div>\n                <h2>Ropes course<\/h2>\n        <div class=\"image-text__text\">\n          <p>Less than 7 km away from Wa\u0142cz, in Rudnica there is a ropes course. It has a length of 1054 m and 56 obstacles of varying difficulty. It is one of the largest places like this in Poland.<\/p>\n<p><a href=\"http:\/\/www.rudnicapark.pl\/\" target=\"_blank\" rel=\"noopener\">http:\/\/www.rudnicapark.pl\/<\/a><\/p>\n        <\/div>\n      <\/div>\n    <\/div>\n  <\/div>\n<\/section><section class=\"image-text\">\n  <div class=\"container\">\n    <div class=\"row align-items-center\">\n      <div class=\"col-lg-6 image-text--right\">\n        <div class=\"image-text__image\">\n          <img decoding=\"async\" width=\"1024\" height=\"784\" src=\"https:\/\/palacorle.com\/app\/uploads\/2024\/12\/splywy-1024x784.jpg\" class=\"attachment-large size-large\" alt=\"\" srcset=\"https:\/\/palacorle.com\/app\/uploads\/2024\/12\/splywy-1024x784.jpg 1024w, https:\/\/palacorle.com\/app\/uploads\/2024\/12\/splywy-300x230.jpg 300w, https:\/\/palacorle.com\/app\/uploads\/2024\/12\/splywy-768x588.jpg 768w, https:\/\/palacorle.com\/app\/uploads\/2024\/12\/splywy.jpg 1176w\" sizes=\"(max-width: 1024px) 100vw, 1024px\" \/>        <\/div>\n      <\/div>\n      <div class=\"col-lg-6\">\n                  <div class=\"h6\">+ 20 minutes drive<\/div>\n                <h2>Canoe trip on the Drawa River<\/h2>\n        <div class=\"image-text__text\">\n          <p>Canoe trail with a length of 179 km &#8211; one of the most famous in Poland.<\/p>\n<p><a href=\"https:\/\/www.splywykajakowedrawa.pl\/\" target=\"_blank\" rel=\"noopener\">https:\/\/www.splywykajakowedrawa.pl\/<\/a><\/p>\n        <\/div>\n      <\/div>\n    <\/div>\n  <\/div>\n<\/section><section class=\"image-text\">\n  <div class=\"container\">\n    <div class=\"row align-items-center\">\n      <div class=\"col-lg-6 image-text--left\">\n        <div class=\"image-text__image\">\n          <img decoding=\"async\" width=\"1024\" height=\"784\" src=\"https:\/\/palacorle.com\/app\/uploads\/2024\/12\/dpn-1024x784.jpg\" class=\"attachment-large size-large\" alt=\"\" srcset=\"https:\/\/palacorle.com\/app\/uploads\/2024\/12\/dpn-1024x784.jpg 1024w, https:\/\/palacorle.com\/app\/uploads\/2024\/12\/dpn-300x230.jpg 300w, https:\/\/palacorle.com\/app\/uploads\/2024\/12\/dpn-768x588.jpg 768w, https:\/\/palacorle.com\/app\/uploads\/2024\/12\/dpn.jpg 1176w\" sizes=\"(max-width: 1024px) 100vw, 1024px\" \/>        <\/div>\n      <\/div>\n      <div class=\"col-lg-6\">\n                  <div class=\"h6\">+ 31 minutes drive \/ 31 km<\/div>\n                <h2>Drawa National Park<\/h2>\n        <div class=\"image-text__text\">\n          <p>Within the distance of 20-40 kilometers away from the hotel there are a lot of tourist towns such as Zlocieniec, Czaplinek, Drawsko, \u0141obez, Wa\u0142cz, Tuczno, Kalisz, Drawno, Cz\u0142opa, which have a lot of buildings with more than 600 years of history.<\/p>\n<p><a href=\"http:\/\/www.dpn.pl\" target=\"_blank\" rel=\"noopener\">http:\/\/www.dpn.pl<\/a><\/p>\n        <\/div>\n      <\/div>\n    <\/div>\n  <\/div>\n<\/section><section class=\"image-text\">\n  <div class=\"container\">\n    <div class=\"row align-items-center\">\n      <div class=\"col-lg-6 image-text--right\">\n        <div class=\"image-text__image\">\n          <img decoding=\"async\" width=\"1024\" height=\"784\" src=\"https:\/\/palacorle.com\/app\/uploads\/2024\/12\/zubty-1024x784.jpg\" class=\"attachment-large size-large\" alt=\"\" srcset=\"https:\/\/palacorle.com\/app\/uploads\/2024\/12\/zubty-1024x784.jpg 1024w, https:\/\/palacorle.com\/app\/uploads\/2024\/12\/zubty-300x230.jpg 300w, https:\/\/palacorle.com\/app\/uploads\/2024\/12\/zubty-768x588.jpg 768w, https:\/\/palacorle.com\/app\/uploads\/2024\/12\/zubty.jpg 1176w\" sizes=\"(max-width: 1024px) 100vw, 1024px\" \/>        <\/div>\n      <\/div>\n      <div class=\"col-lg-6\">\n                  <div class=\"h6\">+18 minutes drive \/ 22km<\/div>\n                <h2>Wisents<\/h2>\n        <div class=\"image-text__text\">\n          <p>Around Miroslawiec lives a herd counting approximately 40 of wisents. Wisents are most frequently observed in rangeries Bety\u0144, Nierad\u017a, Hanka and Toporzyk Miros\u0142awiec forest division and the fields of village Piecnik, Pr\u00f3chnowo, Hanka and Marcinkowice in communes Miros\u0142awiec and Wa\u0142cz.<\/p>\n<p><a href=\"https:\/\/dzika-zagroda.pl\/\" target=\"_blank\" rel=\"noopener\">https:\/\/dzika-zagroda.pl\/<\/a><\/p>\n<p>&nbsp;<\/p>\n        <\/div>\n      <\/div>\n    <\/div>\n  <\/div>\n<\/section><section class=\"image-text\">\n  <div class=\"container\">\n    <div class=\"row align-items-center\">\n      <div class=\"col-lg-6 image-text--left\">\n        <div class=\"image-text__image\">\n          <img decoding=\"async\" width=\"1024\" height=\"784\" src=\"https:\/\/palacorle.com\/app\/uploads\/2024\/12\/grzyby-1024x784.jpg\" class=\"attachment-large size-large\" alt=\"\" srcset=\"https:\/\/palacorle.com\/app\/uploads\/2024\/12\/grzyby-1024x784.jpg 1024w, https:\/\/palacorle.com\/app\/uploads\/2024\/12\/grzyby-300x230.jpg 300w, https:\/\/palacorle.com\/app\/uploads\/2024\/12\/grzyby-768x588.jpg 768w, https:\/\/palacorle.com\/app\/uploads\/2024\/12\/grzyby.jpg 1176w\" sizes=\"(max-width: 1024px) 100vw, 1024px\" \/>        <\/div>\n      <\/div>\n      <div class=\"col-lg-6\">\n                  <div class=\"h6\">+ 1 minute walk<\/div>\n                <h2>Hunting, mushroom picking, fishing, off-road!<\/h2>\n        <div class=\"image-text__text\">\n          <p>We organize hunting, fishing, mushrooming and offroad for our guests.<\/p>\n        <\/div>\n      <\/div>\n    <\/div>\n  <\/div>\n<\/section>","protected":false},"excerpt":{"rendered":"","protected":false},"author":1,"featured_media":0,"parent":0,"menu_order":20,"comment_status":"closed","ping_status":"closed","template":"","meta":{"_acf_changed":false,"footnotes":""},"class_list":["post-788","page","type-page","status-publish","hentry"],"acf":[],"yoast_head":"<!-- This site is optimized with the Yoast SEO plugin v24.7 - https:\/\/yoast.com\/wordpress\/plugins\/seo\/ -->\n<title>Attractions - Pa\u0142ac Orle<\/title>\n<meta name=\"robots\" content=\"index, follow, max-snippet:-1, max-image-preview:large, max-video-preview:-1\" \/>\n<link rel=\"canonical\" href=\"https:\/\/palacorle.com\/en\/attractions\/\" \/>\n<meta property=\"og:locale\" content=\"en_US\" \/>\n<meta property=\"og:type\" content=\"article\" \/>\n<meta property=\"og:title\" content=\"Attractions - Pa\u0142ac Orle\" \/>\n<meta property=\"og:url\" content=\"https:\/\/palacorle.com\/en\/attractions\/\" \/>\n<meta property=\"og:site_name\" content=\"Pa\u0142ac Orle\" \/>\n<meta property=\"article:publisher\" content=\"https:\/\/www.facebook.com\/HotelOrle\/\" \/>\n<meta property=\"article:modified_time\" content=\"2025-03-20T09:54:47+00:00\" \/>\n<meta name=\"twitter:card\" content=\"summary_large_image\" \/>\n<script type=\"application\/ld+json\" class=\"yoast-schema-graph\">{\"@context\":\"https:\/\/schema.org\",\"@graph\":[{\"@type\":\"WebPage\",\"@id\":\"https:\/\/palacorle.com\/en\/attractions\/\",\"url\":\"https:\/\/palacorle.com\/en\/attractions\/\",\"name\":\"Attractions - Pa\u0142ac Orle\",\"isPartOf\":{\"@id\":\"https:\/\/palacorle.com\/en\/#website\"},\"datePublished\":\"2024-11-25T15:28:13+00:00\",\"dateModified\":\"2025-03-20T09:54:47+00:00\",\"breadcrumb\":{\"@id\":\"https:\/\/palacorle.com\/en\/attractions\/#breadcrumb\"},\"inLanguage\":\"en-US\",\"potentialAction\":[{\"@type\":\"ReadAction\",\"target\":[\"https:\/\/palacorle.com\/en\/attractions\/\"]}]},{\"@type\":\"BreadcrumbList\",\"@id\":\"https:\/\/palacorle.com\/en\/attractions\/#breadcrumb\",\"itemListElement\":[{\"@type\":\"ListItem\",\"position\":1,\"name\":\"Strona g\u0142\u00f3wna\",\"item\":\"https:\/\/palacorle.com\/en\/\"},{\"@type\":\"ListItem\",\"position\":2,\"name\":\"Attractions\"}]},{\"@type\":\"WebSite\",\"@id\":\"https:\/\/palacorle.com\/en\/#website\",\"url\":\"https:\/\/palacorle.com\/en\/\",\"name\":\"Pa\u0142ac Orle\",\"description\":\"Pa\u0142ac My\u015bliwski Orle - Wypoczynek Miros\u0142awiec Drawsko Orle\",\"publisher\":{\"@id\":\"https:\/\/palacorle.com\/en\/#organization\"},\"potentialAction\":[{\"@type\":\"SearchAction\",\"target\":{\"@type\":\"EntryPoint\",\"urlTemplate\":\"https:\/\/palacorle.com\/en\/?s={search_term_string}\"},\"query-input\":{\"@type\":\"PropertyValueSpecification\",\"valueRequired\":true,\"valueName\":\"search_term_string\"}}],\"inLanguage\":\"en-US\"},{\"@type\":\"Organization\",\"@id\":\"https:\/\/palacorle.com\/en\/#organization\",\"name\":\"Pa\u0142ac Orle\",\"url\":\"https:\/\/palacorle.com\/en\/\",\"logo\":{\"@type\":\"ImageObject\",\"inLanguage\":\"en-US\",\"@id\":\"https:\/\/palacorle.com\/en\/#\/schema\/logo\/image\/\",\"url\":\"https:\/\/palacorle.com\/app\/uploads\/2025\/03\/orle-logo.jpg\",\"contentUrl\":\"https:\/\/palacorle.com\/app\/uploads\/2025\/03\/orle-logo.jpg\",\"width\":600,\"height\":308,\"caption\":\"Pa\u0142ac Orle\"},\"image\":{\"@id\":\"https:\/\/palacorle.com\/en\/#\/schema\/logo\/image\/\"},\"sameAs\":[\"https:\/\/www.facebook.com\/HotelOrle\/\",\"https:\/\/www.instagram.com\/palacorle\/\"]}]}<\/script>\n<!-- \/ Yoast SEO plugin. -->","yoast_head_json":{"title":"Attractions - Pa\u0142ac Orle","robots":{"index":"index","follow":"follow","max-snippet":"max-snippet:-1","max-image-preview":"max-image-preview:large","max-video-preview":"max-video-preview:-1"},"canonical":"https:\/\/palacorle.com\/en\/attractions\/","og_locale":"en_US","og_type":"article","og_title":"Attractions - Pa\u0142ac Orle","og_url":"https:\/\/palacorle.com\/en\/attractions\/","og_site_name":"Pa\u0142ac Orle","article_publisher":"https:\/\/www.facebook.com\/HotelOrle\/","article_modified_time":"2025-03-20T09:54:47+00:00","twitter_card":"summary_large_image","schema":{"@context":"https:\/\/schema.org","@graph":[{"@type":"WebPage","@id":"https:\/\/palacorle.com\/en\/attractions\/","url":"https:\/\/palacorle.com\/en\/attractions\/","name":"Attractions - Pa\u0142ac Orle","isPartOf":{"@id":"https:\/\/palacorle.com\/en\/#website"},"datePublished":"2024-11-25T15:28:13+00:00","dateModified":"2025-03-20T09:54:47+00:00","breadcrumb":{"@id":"https:\/\/palacorle.com\/en\/attractions\/#breadcrumb"},"inLanguage":"en-US","potentialAction":[{"@type":"ReadAction","target":["https:\/\/palacorle.com\/en\/attractions\/"]}]},{"@type":"BreadcrumbList","@id":"https:\/\/palacorle.com\/en\/attractions\/#breadcrumb","itemListElement":[{"@type":"ListItem","position":1,"name":"Strona g\u0142\u00f3wna","item":"https:\/\/palacorle.com\/en\/"},{"@type":"ListItem","position":2,"name":"Attractions"}]},{"@type":"WebSite","@id":"https:\/\/palacorle.com\/en\/#website","url":"https:\/\/palacorle.com\/en\/","name":"Pa\u0142ac Orle","description":"Pa\u0142ac My\u015bliwski Orle - Wypoczynek Miros\u0142awiec Drawsko Orle","publisher":{"@id":"https:\/\/palacorle.com\/en\/#organization"},"potentialAction":[{"@type":"SearchAction","target":{"@type":"EntryPoint","urlTemplate":"https:\/\/palacorle.com\/en\/?s={search_term_string}"},"query-input":{"@type":"PropertyValueSpecification","valueRequired":true,"valueName":"search_term_string"}}],"inLanguage":"en-US"},{"@type":"Organization","@id":"https:\/\/palacorle.com\/en\/#organization","name":"Pa\u0142ac Orle","url":"https:\/\/palacorle.com\/en\/","logo":{"@type":"ImageObject","inLanguage":"en-US","@id":"https:\/\/palacorle.com\/en\/#\/schema\/logo\/image\/","url":"https:\/\/palacorle.com\/app\/uploads\/2025\/03\/orle-logo.jpg","contentUrl":"https:\/\/palacorle.com\/app\/uploads\/2025\/03\/orle-logo.jpg","width":600,"height":308,"caption":"Pa\u0142ac Orle"},"image":{"@id":"https:\/\/palacorle.com\/en\/#\/schema\/logo\/image\/"},"sameAs":["https:\/\/www.facebook.com\/HotelOrle\/","https:\/\/www.instagram.com\/palacorle\/"]}]}},"_links":{"self":[{"href":"https:\/\/palacorle.com\/en\/wp-json\/wp\/v2\/pages\/788","targetHints":{"allow":["GET"]}}],"collection":[{"href":"https:\/\/palacorle.com\/en\/wp-json\/wp\/v2\/pages"}],"about":[{"href":"https:\/\/palacorle.com\/en\/wp-json\/wp\/v2\/types\/page"}],"author":[{"embeddable":true,"href":"https:\/\/palacorle.com\/en\/wp-json\/wp\/v2\/users\/1"}],"replies":[{"embeddable":true,"href":"https:\/\/palacorle.com\/en\/wp-json\/wp\/v2\/comments?post=788"}],"version-history":[{"count":2,"href":"https:\/\/palacorle.com\/en\/wp-json\/wp\/v2\/pages\/788\/revisions"}],"predecessor-version":[{"id":827,"href":"https:\/\/palacorle.com\/en\/wp-json\/wp\/v2\/pages\/788\/revisions\/827"}],"wp:attachment":[{"href":"https:\/\/palacorle.com\/en\/wp-json\/wp\/v2\/media?parent=788"}],"curies":[{"name":"wp","href":"https:\/\/api.w.org\/{rel}","templated":true}]}}