{"id":790,"date":"2024-11-25T16:28:42","date_gmt":"2024-11-25T15:28:42","guid":{"rendered":"https:\/\/palacorle.com\/ceny\/"},"modified":"2025-05-19T16:25:51","modified_gmt":"2025-05-19T14:25:51","slug":"prices","status":"publish","type":"page","link":"https:\/\/palacorle.com\/en\/prices\/","title":{"rendered":"Prices"},"content":{"rendered":"<div class=\"hero hero--image\" style=\"background-image:url(https:\/\/palacorle.com\/app\/uploads\/2024\/12\/hero-ceny.webp)\">\n      <div class=\"hero__text\">\n        <div class=\"container\">\n          <div class=\"row\">\n            <div class=\"col-lg-7\">\n                              <h1>Prices<\/h1>\n                                        <\/div>\n            <div class=\"col-lg-4 offset-lg-1 d-none d-lg-block\">\n\n                          <\/div>\n          <\/div>\n        <\/div>\n      <\/div>\n    <\/div><section class=\"text-block\">\n  <div class=\"container\">\n          <h2>Hunting Palace Orle Prices <br>&#8211; accommodation, meals, and other fees<\/h2>\n        <ul>\n<li><strong>Apartment<\/strong> \u2013 595 PLN \/ per night (includes breakfast for two)<\/li>\n<li><strong>Studio<\/strong> (Room No. 8) \u2013 530 PLN \/ per night (includes breakfast for two)<\/li>\n<li><strong>Double Room<\/strong> \u2013 490 PLN \/ per night (includes breakfast for two)<\/li>\n<li><strong>Single Room<\/strong> \u2013 350 PLN \/ per night (breakfast included)<\/li>\n<li><strong>Pet fee<\/strong> \u2013 Large dog: 60 PLN per night, Small dog: 40 PLN per night<\/li>\n<li><strong>Bonfire arrangement fee<\/strong> \u2013 100 PLN<\/li>\n<li><strong>Free parking, free WiFi<\/strong><\/li>\n<\/ul>\n<ul>\n<li><strong>Lunch<\/strong> \u2013 200ml soup + 500g main course \u2013 95 PLN<\/li>\n<li><strong>Homemade cake<\/strong> \u2013 150g \u2013 15 PLN<\/li>\n<li><strong>Coffee \/ tea<\/strong> \u2013 200ml \u2013 15 PLN<\/li>\n<li>For meal information and menu details, please contact us by phone or ask on-site<\/li>\n<li><strong>Electric car charging<\/strong> \u2013 2.5 PLN \/ kWh<\/li>\n<li><strong>Sauna<\/strong> \u2013 1.15h (full cycle) \u2013 one person: 60 PLN \/ two people: 80 PLN<\/li>\n<\/ul>\n  <\/div>\n<\/section>","protected":false},"excerpt":{"rendered":"","protected":false},"author":1,"featured_media":0,"parent":0,"menu_order":24,"comment_status":"closed","ping_status":"closed","template":"","meta":{"_acf_changed":false,"footnotes":""},"class_list":["post-790","page","type-page","status-publish","hentry"],"acf":[],"yoast_head":"<!-- This site is optimized with the Yoast SEO plugin v24.7 - https:\/\/yoast.com\/wordpress\/plugins\/seo\/ -->\n<title>Prices - Pa\u0142ac Orle<\/title>\n<meta name=\"robots\" content=\"index, follow, max-snippet:-1, max-image-preview:large, max-video-preview:-1\" \/>\n<link rel=\"canonical\" href=\"https:\/\/palacorle.com\/en\/prices\/\" \/>\n<meta property=\"og:locale\" content=\"en_US\" \/>\n<meta property=\"og:type\" content=\"article\" \/>\n<meta property=\"og:title\" content=\"Prices - Pa\u0142ac Orle\" \/>\n<meta property=\"og:url\" content=\"https:\/\/palacorle.com\/en\/prices\/\" \/>\n<meta property=\"og:site_name\" content=\"Pa\u0142ac Orle\" \/>\n<meta property=\"article:publisher\" content=\"https:\/\/www.facebook.com\/HotelOrle\/\" \/>\n<meta property=\"article:modified_time\" content=\"2025-05-19T14:25:51+00:00\" \/>\n<meta name=\"twitter:card\" content=\"summary_large_image\" \/>\n<script type=\"application\/ld+json\" class=\"yoast-schema-graph\">{\"@context\":\"https:\/\/schema.org\",\"@graph\":[{\"@type\":\"WebPage\",\"@id\":\"https:\/\/palacorle.com\/en\/prices\/\",\"url\":\"https:\/\/palacorle.com\/en\/prices\/\",\"name\":\"Prices - Pa\u0142ac Orle\",\"isPartOf\":{\"@id\":\"https:\/\/palacorle.com\/en\/#website\"},\"datePublished\":\"2024-11-25T15:28:42+00:00\",\"dateModified\":\"2025-05-19T14:25:51+00:00\",\"breadcrumb\":{\"@id\":\"https:\/\/palacorle.com\/en\/prices\/#breadcrumb\"},\"inLanguage\":\"en-US\",\"potentialAction\":[{\"@type\":\"ReadAction\",\"target\":[\"https:\/\/palacorle.com\/en\/prices\/\"]}]},{\"@type\":\"BreadcrumbList\",\"@id\":\"https:\/\/palacorle.com\/en\/prices\/#breadcrumb\",\"itemListElement\":[{\"@type\":\"ListItem\",\"position\":1,\"name\":\"Strona g\u0142\u00f3wna\",\"item\":\"https:\/\/palacorle.com\/en\/\"},{\"@type\":\"ListItem\",\"position\":2,\"name\":\"Prices\"}]},{\"@type\":\"WebSite\",\"@id\":\"https:\/\/palacorle.com\/en\/#website\",\"url\":\"https:\/\/palacorle.com\/en\/\",\"name\":\"Pa\u0142ac Orle\",\"description\":\"Pa\u0142ac My\u015bliwski Orle - Wypoczynek Miros\u0142awiec Drawsko Orle\",\"publisher\":{\"@id\":\"https:\/\/palacorle.com\/en\/#organization\"},\"potentialAction\":[{\"@type\":\"SearchAction\",\"target\":{\"@type\":\"EntryPoint\",\"urlTemplate\":\"https:\/\/palacorle.com\/en\/?s={search_term_string}\"},\"query-input\":{\"@type\":\"PropertyValueSpecification\",\"valueRequired\":true,\"valueName\":\"search_term_string\"}}],\"inLanguage\":\"en-US\"},{\"@type\":\"Organization\",\"@id\":\"https:\/\/palacorle.com\/en\/#organization\",\"name\":\"Pa\u0142ac Orle\",\"url\":\"https:\/\/palacorle.com\/en\/\",\"logo\":{\"@type\":\"ImageObject\",\"inLanguage\":\"en-US\",\"@id\":\"https:\/\/palacorle.com\/en\/#\/schema\/logo\/image\/\",\"url\":\"https:\/\/palacorle.com\/app\/uploads\/2025\/03\/orle-logo.jpg\",\"contentUrl\":\"https:\/\/palacorle.com\/app\/uploads\/2025\/03\/orle-logo.jpg\",\"width\":600,\"height\":308,\"caption\":\"Pa\u0142ac Orle\"},\"image\":{\"@id\":\"https:\/\/palacorle.com\/en\/#\/schema\/logo\/image\/\"},\"sameAs\":[\"https:\/\/www.facebook.com\/HotelOrle\/\",\"https:\/\/www.instagram.com\/palacorle\/\"]}]}<\/script>\n<!-- \/ Yoast SEO plugin. -->","yoast_head_json":{"title":"Prices - Pa\u0142ac Orle","robots":{"index":"index","follow":"follow","max-snippet":"max-snippet:-1","max-image-preview":"max-image-preview:large","max-video-preview":"max-video-preview:-1"},"canonical":"https:\/\/palacorle.com\/en\/prices\/","og_locale":"en_US","og_type":"article","og_title":"Prices - Pa\u0142ac Orle","og_url":"https:\/\/palacorle.com\/en\/prices\/","og_site_name":"Pa\u0142ac Orle","article_publisher":"https:\/\/www.facebook.com\/HotelOrle\/","article_modified_time":"2025-05-19T14:25:51+00:00","twitter_card":"summary_large_image","schema":{"@context":"https:\/\/schema.org","@graph":[{"@type":"WebPage","@id":"https:\/\/palacorle.com\/en\/prices\/","url":"https:\/\/palacorle.com\/en\/prices\/","name":"Prices - Pa\u0142ac Orle","isPartOf":{"@id":"https:\/\/palacorle.com\/en\/#website"},"datePublished":"2024-11-25T15:28:42+00:00","dateModified":"2025-05-19T14:25:51+00:00","breadcrumb":{"@id":"https:\/\/palacorle.com\/en\/prices\/#breadcrumb"},"inLanguage":"en-US","potentialAction":[{"@type":"ReadAction","target":["https:\/\/palacorle.com\/en\/prices\/"]}]},{"@type":"BreadcrumbList","@id":"https:\/\/palacorle.com\/en\/prices\/#breadcrumb","itemListElement":[{"@type":"ListItem","position":1,"name":"Strona g\u0142\u00f3wna","item":"https:\/\/palacorle.com\/en\/"},{"@type":"ListItem","position":2,"name":"Prices"}]},{"@type":"WebSite","@id":"https:\/\/palacorle.com\/en\/#website","url":"https:\/\/palacorle.com\/en\/","name":"Pa\u0142ac Orle","description":"Pa\u0142ac My\u015bliwski Orle - Wypoczynek Miros\u0142awiec Drawsko Orle","publisher":{"@id":"https:\/\/palacorle.com\/en\/#organization"},"potentialAction":[{"@type":"SearchAction","target":{"@type":"EntryPoint","urlTemplate":"https:\/\/palacorle.com\/en\/?s={search_term_string}"},"query-input":{"@type":"PropertyValueSpecification","valueRequired":true,"valueName":"search_term_string"}}],"inLanguage":"en-US"},{"@type":"Organization","@id":"https:\/\/palacorle.com\/en\/#organization","name":"Pa\u0142ac Orle","url":"https:\/\/palacorle.com\/en\/","logo":{"@type":"ImageObject","inLanguage":"en-US","@id":"https:\/\/palacorle.com\/en\/#\/schema\/logo\/image\/","url":"https:\/\/palacorle.com\/app\/uploads\/2025\/03\/orle-logo.jpg","contentUrl":"https:\/\/palacorle.com\/app\/uploads\/2025\/03\/orle-logo.jpg","width":600,"height":308,"caption":"Pa\u0142ac Orle"},"image":{"@id":"https:\/\/palacorle.com\/en\/#\/schema\/logo\/image\/"},"sameAs":["https:\/\/www.facebook.com\/HotelOrle\/","https:\/\/www.instagram.com\/palacorle\/"]}]}},"_links":{"self":[{"href":"https:\/\/palacorle.com\/en\/wp-json\/wp\/v2\/pages\/790","targetHints":{"allow":["GET"]}}],"collection":[{"href":"https:\/\/palacorle.com\/en\/wp-json\/wp\/v2\/pages"}],"about":[{"href":"https:\/\/palacorle.com\/en\/wp-json\/wp\/v2\/types\/page"}],"author":[{"embeddable":true,"href":"https:\/\/palacorle.com\/en\/wp-json\/wp\/v2\/users\/1"}],"replies":[{"embeddable":true,"href":"https:\/\/palacorle.com\/en\/wp-json\/wp\/v2\/comments?post=790"}],"version-history":[{"count":2,"href":"https:\/\/palacorle.com\/en\/wp-json\/wp\/v2\/pages\/790\/revisions"}],"predecessor-version":[{"id":1232,"href":"https:\/\/palacorle.com\/en\/wp-json\/wp\/v2\/pages\/790\/revisions\/1232"}],"wp:attachment":[{"href":"https:\/\/palacorle.com\/en\/wp-json\/wp\/v2\/media?parent=790"}],"curies":[{"name":"wp","href":"https:\/\/api.w.org\/{rel}","templated":true}]}}